{"id":145,"date":"2019-02-04T22:54:26","date_gmt":"2019-02-04T22:54:26","guid":{"rendered":"http:\/\/dorothea-thieme.de\/?page_id=145"},"modified":"2023-09-18T20:15:21","modified_gmt":"2023-09-18T20:15:21","slug":"psychologische-beratung-coaching","status":"publish","type":"page","link":"https:\/\/dorothea-thieme.de\/?page_id=145","title":{"rendered":"Psychologische Beratung &#038; Coaching"},"content":{"rendered":"\t\t<div data-elementor-type=\"wp-post\" data-elementor-id=\"145\" class=\"elementor elementor-145\">\n\t\t\t\t\t\t<section class=\"elementor-section elementor-top-section elementor-element elementor-element-1be8db56 elementor-section-boxed elementor-section-height-default elementor-section-height-default\" data-id=\"1be8db56\" data-element_type=\"section\" data-e-type=\"section\">\n\t\t\t\t\t\t<div class=\"elementor-container elementor-column-gap-default\">\n\t\t\t\t\t<div class=\"elementor-column elementor-col-100 elementor-top-column elementor-element elementor-element-8e448e\" data-id=\"8e448e\" data-element_type=\"column\" data-e-type=\"column\">\n\t\t\t<div class=\"elementor-widget-wrap elementor-element-populated\">\n\t\t\t\t\t\t<div class=\"elementor-element elementor-element-7ea08232 elementor-widget elementor-widget-text-editor\" data-id=\"7ea08232\" data-element_type=\"widget\" data-e-type=\"widget\" data-widget_type=\"text-editor.default\">\n\t\t\t\t<div class=\"elementor-widget-container\">\n\t\t\t\t\t\t\t\t\t<h2>\u00a0<\/h2><p>Mein Angebot richtet sich an Menschen, die st\u00e4ndig im Alltag oder auch punktuell in bestimmten Situationen an Ihre Grenzen geraten. <strong>Stress, Mobbing, Beziehungsprobleme, \u00dcberforderung, Anpassungs- und Erfolgsdruck, Trauer, kriminelle \u00dcbergriffe, \u00c4ngste und Einsamkeit<\/strong> sind nur ein paar Beispiele, die das Leben aus der Bahn werfen k\u00f6nnen.<\/p><p>Im l\u00f6sungsorientierten Beratungsverfahren werden wir Ihr Anliegen kl\u00e4ren und Ihre pers\u00f6nlichen Umst\u00e4nde und H\u00fcrden beleuchten. Sie als Experte f\u00fcr Ihre individuelle Situation werden, kompetent von mir als Coach begleitet, ihr pers\u00f6nliches Ziel entwickeln. Im weiteren Verlauf unserer Zusammenarbeit k\u00f6nnen Ihre Gewohnheiten, Muster und Glaubenss\u00e4tze hinterfragt werden um Ihre pers\u00f6nlichen verborgenen Ressourcen zu aktivieren\u00a0 und neue Verhaltensm\u00f6glichkeiten zu erschlie\u00dfen.<\/p><p><img fetchpriority=\"high\" decoding=\"async\" class=\"alignnone size-medium wp-image-287\" src=\"http:\/\/dorothea-thieme.de\/wp-content\/uploads\/2023\/09\/sunset-1807524_1280-300x184.jpg\" alt=\"\" width=\"300\" height=\"184\" srcset=\"https:\/\/dorothea-thieme.de\/wp-content\/uploads\/2023\/09\/sunset-1807524_1280-300x184.jpg 300w, https:\/\/dorothea-thieme.de\/wp-content\/uploads\/2023\/09\/sunset-1807524_1280-1024x628.jpg 1024w, https:\/\/dorothea-thieme.de\/wp-content\/uploads\/2023\/09\/sunset-1807524_1280-768x471.jpg 768w, https:\/\/dorothea-thieme.de\/wp-content\/uploads\/2023\/09\/sunset-1807524_1280-1000x613.jpg 1000w, https:\/\/dorothea-thieme.de\/wp-content\/uploads\/2023\/09\/sunset-1807524_1280-230x141.jpg 230w, https:\/\/dorothea-thieme.de\/wp-content\/uploads\/2023\/09\/sunset-1807524_1280-350x215.jpg 350w, https:\/\/dorothea-thieme.de\/wp-content\/uploads\/2023\/09\/sunset-1807524_1280-480x294.jpg 480w, https:\/\/dorothea-thieme.de\/wp-content\/uploads\/2023\/09\/sunset-1807524_1280.jpg 1280w\" sizes=\"(max-width: 300px) 100vw, 300px\" \/><\/p><h2>Kontakt<\/h2><form action=\"\/wp-admin\/admin-ajax.php#wpcf7-f76-o1\" method=\"post\" novalidate=\"novalidate\"><p><input name=\"_wpcf7\" type=\"hidden\" value=\"76\" \/><br \/><input name=\"_wpcf7_version\" type=\"hidden\" value=\"5.1.1\" \/><br \/><input name=\"_wpcf7_locale\" type=\"hidden\" value=\"de_DE\" \/><br \/><input name=\"_wpcf7_unit_tag\" type=\"hidden\" value=\"wpcf7-f76-o1\" \/><br \/><input name=\"_wpcf7_container_post\" type=\"hidden\" value=\"0\" \/><br \/><input name=\"g-recaptcha-response\" type=\"hidden\" value=\"\" \/><label> Ihr Name (Pflichtfeld)<br \/><input name=\"your-name\" size=\"40\" type=\"text\" value=\"\" aria-required=\"true\" aria-invalid=\"false\" \/> <\/label><\/p><p><label> Ihre E-Mail-Adresse (Pflichtfeld)<br \/><input name=\"your-email\" size=\"40\" type=\"email\" value=\"\" aria-required=\"true\" aria-invalid=\"false\" \/> <\/label><\/p><p><label> Ihre Nachricht<br \/><textarea cols=\"40\" name=\"your-message\" rows=\"10\" aria-invalid=\"false\"><\/textarea> <\/label><\/p><p><input type=\"submit\" value=\"Senden\" \/><\/p><\/form>\t\t\t\t\t\t\t\t<\/div>\n\t\t\t\t<\/div>\n\t\t\t\t\t<\/div>\n\t\t<\/div>\n\t\t\t\t\t<\/div>\n\t\t<\/section>\n\t\t\t\t<section class=\"elementor-section elementor-top-section elementor-element elementor-element-d51e77f elementor-section-boxed elementor-section-height-default elementor-section-height-default\" data-id=\"d51e77f\" data-element_type=\"section\" data-e-type=\"section\">\n\t\t\t\t\t\t<div class=\"elementor-container elementor-column-gap-default\">\n\t\t\t\t\t<div class=\"elementor-column elementor-col-100 elementor-top-column elementor-element elementor-element-d041355\" data-id=\"d041355\" data-element_type=\"column\" data-e-type=\"column\">\n\t\t\t<div class=\"elementor-widget-wrap elementor-element-populated\">\n\t\t\t\t\t\t<div class=\"elementor-element elementor-element-d8f8bc9 elementor-widget elementor-widget-image\" data-id=\"d8f8bc9\" data-element_type=\"widget\" data-e-type=\"widget\" data-widget_type=\"image.default\">\n\t\t\t\t<div class=\"elementor-widget-container\">\n\t\t\t\t\t\t\t\t\t\t\t\t\t\t\t<img decoding=\"async\" src=\"https:\/\/dorothea-thieme.de\/wp-content\/plugins\/elementor\/assets\/images\/placeholder.png\" title=\"\" alt=\"\" loading=\"lazy\" \/>\t\t\t\t\t\t\t\t\t\t\t\t\t\t\t<\/div>\n\t\t\t\t<\/div>\n\t\t\t\t\t<\/div>\n\t\t<\/div>\n\t\t\t\t\t<\/div>\n\t\t<\/section>\n\t\t\t\t<\/div>\n\t\t","protected":false},"excerpt":{"rendered":"<p>\u00a0 Mein Angebot richtet sich an Menschen, die st\u00e4ndig im Alltag oder auch punktuell in bestimmten Situationen an Ihre Grenzen geraten. Stress, [&hellip;]<\/p>\n","protected":false},"author":1,"featured_media":0,"parent":0,"menu_order":0,"comment_status":"closed","ping_status":"closed","template":"","meta":{"footnotes":""},"class_list":["post-145","page","type-page","status-publish","hentry"],"_links":{"self":[{"href":"https:\/\/dorothea-thieme.de\/index.php?rest_route=\/wp\/v2\/pages\/145","targetHints":{"allow":["GET"]}}],"collection":[{"href":"https:\/\/dorothea-thieme.de\/index.php?rest_route=\/wp\/v2\/pages"}],"about":[{"href":"https:\/\/dorothea-thieme.de\/index.php?rest_route=\/wp\/v2\/types\/page"}],"author":[{"embeddable":true,"href":"https:\/\/dorothea-thieme.de\/index.php?rest_route=\/wp\/v2\/users\/1"}],"replies":[{"embeddable":true,"href":"https:\/\/dorothea-thieme.de\/index.php?rest_route=%2Fwp%2Fv2%2Fcomments&post=145"}],"version-history":[{"count":13,"href":"https:\/\/dorothea-thieme.de\/index.php?rest_route=\/wp\/v2\/pages\/145\/revisions"}],"predecessor-version":[{"id":290,"href":"https:\/\/dorothea-thieme.de\/index.php?rest_route=\/wp\/v2\/pages\/145\/revisions\/290"}],"wp:attachment":[{"href":"https:\/\/dorothea-thieme.de\/index.php?rest_route=%2Fwp%2Fv2%2Fmedia&parent=145"}],"curies":[{"name":"wp","href":"https:\/\/api.w.org\/{rel}","templated":true}]}}